{"id":3772,"date":"2022-04-06T11:41:36","date_gmt":"2022-04-06T11:41:36","guid":{"rendered":"https:\/\/sommerlearning.com\/store\/product\/nunca-mas-a-troche-y-moche\/"},"modified":"2023-07-19T19:25:33","modified_gmt":"2023-07-19T19:25:33","slug":"nunca-mas-a-troche-y-moche","status":"publish","type":"product","link":"https:\/\/sommerlearning.com\/store\/product\/nunca-mas-a-troche-y-moche\/","title":{"rendered":"Nunca m\u00e1s a troche y moche"},"content":{"rendered":"","protected":false},"excerpt":{"rendered":"<p>En contraste con la familia Trabajo Primero, los amantes de la diversi\u00f3n, Dilly Dallys tienen una tradici\u00f3n familiar: juega primero, luego trabaja. Pero los tiempos dif\u00edciles convencen a los Dilly Dallys de que deben cambiar para sobrevivir.<\/p>\n","protected":false},"featured_media":3773,"comment_status":"open","ping_status":"closed","template":"","meta":{"_acf_changed":false},"product_cat":[413,412],"product_tag":[],"acf":[],"_links":{"self":[{"href":"https:\/\/sommerlearning.com\/store\/wp-json\/wp\/v2\/product\/3772"}],"collection":[{"href":"https:\/\/sommerlearning.com\/store\/wp-json\/wp\/v2\/product"}],"about":[{"href":"https:\/\/sommerlearning.com\/store\/wp-json\/wp\/v2\/types\/product"}],"replies":[{"embeddable":true,"href":"https:\/\/sommerlearning.com\/store\/wp-json\/wp\/v2\/comments?post=3772"}],"wp:featuredmedia":[{"embeddable":true,"href":"https:\/\/sommerlearning.com\/store\/wp-json\/wp\/v2\/media\/3773"}],"wp:attachment":[{"href":"https:\/\/sommerlearning.com\/store\/wp-json\/wp\/v2\/media?parent=3772"}],"wp:term":[{"taxonomy":"product_cat","embeddable":true,"href":"https:\/\/sommerlearning.com\/store\/wp-json\/wp\/v2\/product_cat?post=3772"},{"taxonomy":"product_tag","embeddable":true,"href":"https:\/\/sommerlearning.com\/store\/wp-json\/wp\/v2\/product_tag?post=3772"}],"curies":[{"name":"wp","href":"https:\/\/api.w.org\/{rel}","templated":true}]}}