{"id":3768,"date":"2022-04-06T11:39:57","date_gmt":"2022-04-06T11:39:57","guid":{"rendered":"https:\/\/sommerlearning.com\/store\/product\/el-trenecito-rojo\/"},"modified":"2023-07-19T19:28:44","modified_gmt":"2023-07-19T19:28:44","slug":"el-trenecito-rojo","status":"publish","type":"product","link":"https:\/\/sommerlearning.com\/store\/product\/el-trenecito-rojo\/","title":{"rendered":"El trenecito rojo"},"content":{"rendered":"","protected":false},"excerpt":{"rendered":"<p>Tres grandes trenes se niegan a subir a la monta\u00f1a en la nieve profunda para llevar comida a las personas que padecen hambre. A pesar del rid\u00edculo de los grandes trenes, El Peque\u00f1o Tren Rojo y una familia de valientes ayudantes suben la monta\u00f1a cubierta de nieve para ayudar a las personas que se mueren de hambre.<\/p>\n","protected":false},"featured_media":3769,"comment_status":"open","ping_status":"closed","template":"","meta":{"_acf_changed":false},"product_cat":[413,412],"product_tag":[],"acf":[],"_links":{"self":[{"href":"https:\/\/sommerlearning.com\/store\/wp-json\/wp\/v2\/product\/3768"}],"collection":[{"href":"https:\/\/sommerlearning.com\/store\/wp-json\/wp\/v2\/product"}],"about":[{"href":"https:\/\/sommerlearning.com\/store\/wp-json\/wp\/v2\/types\/product"}],"replies":[{"embeddable":true,"href":"https:\/\/sommerlearning.com\/store\/wp-json\/wp\/v2\/comments?post=3768"}],"wp:featuredmedia":[{"embeddable":true,"href":"https:\/\/sommerlearning.com\/store\/wp-json\/wp\/v2\/media\/3769"}],"wp:attachment":[{"href":"https:\/\/sommerlearning.com\/store\/wp-json\/wp\/v2\/media?parent=3768"}],"wp:term":[{"taxonomy":"product_cat","embeddable":true,"href":"https:\/\/sommerlearning.com\/store\/wp-json\/wp\/v2\/product_cat?post=3768"},{"taxonomy":"product_tag","embeddable":true,"href":"https:\/\/sommerlearning.com\/store\/wp-json\/wp\/v2\/product_tag?post=3768"}],"curies":[{"name":"wp","href":"https:\/\/api.w.org\/{rel}","templated":true}]}}