{"id":3766,"date":"2022-04-06T11:38:50","date_gmt":"2022-04-06T11:38:50","guid":{"rendered":"https:\/\/sommerlearning.com\/store\/product\/me-puedes-ayudar-a-encontrar-mi-sonrisa\/"},"modified":"2023-07-19T19:33:48","modified_gmt":"2023-07-19T19:33:48","slug":"me-puedes-ayudar-a-encontrar-mi-sonrisa","status":"publish","type":"product","link":"https:\/\/sommerlearning.com\/store\/product\/me-puedes-ayudar-a-encontrar-mi-sonrisa\/","title":{"rendered":"\u00bfMe puedes ayudar a encontrar mi sonrisa?"},"content":{"rendered":"","protected":false},"excerpt":{"rendered":"<p>Teddy el osezno gru\u00f1\u00f3n\u00ad\u00ad perdi\u00f3 su sonrisa, y solo un oso sabe c\u00f3mo encontrarla. Despu\u00e9s de muchas b\u00fasquedas, Teddy descubre la alegr\u00eda que proviene de ayudar a los dem\u00e1s.<\/p>\n","protected":false},"featured_media":3767,"comment_status":"open","ping_status":"closed","template":"","meta":{"_acf_changed":false},"product_cat":[413,412],"product_tag":[],"acf":[],"_links":{"self":[{"href":"https:\/\/sommerlearning.com\/store\/wp-json\/wp\/v2\/product\/3766"}],"collection":[{"href":"https:\/\/sommerlearning.com\/store\/wp-json\/wp\/v2\/product"}],"about":[{"href":"https:\/\/sommerlearning.com\/store\/wp-json\/wp\/v2\/types\/product"}],"replies":[{"embeddable":true,"href":"https:\/\/sommerlearning.com\/store\/wp-json\/wp\/v2\/comments?post=3766"}],"wp:featuredmedia":[{"embeddable":true,"href":"https:\/\/sommerlearning.com\/store\/wp-json\/wp\/v2\/media\/3767"}],"wp:attachment":[{"href":"https:\/\/sommerlearning.com\/store\/wp-json\/wp\/v2\/media?parent=3766"}],"wp:term":[{"taxonomy":"product_cat","embeddable":true,"href":"https:\/\/sommerlearning.com\/store\/wp-json\/wp\/v2\/product_cat?post=3766"},{"taxonomy":"product_tag","embeddable":true,"href":"https:\/\/sommerlearning.com\/store\/wp-json\/wp\/v2\/product_tag?post=3766"}],"curies":[{"name":"wp","href":"https:\/\/api.w.org\/{rel}","templated":true}]}}