{"id":3709,"date":"2022-04-05T09:37:34","date_gmt":"2022-04-05T09:37:34","guid":{"rendered":"https:\/\/sommerlearning.com\/store\/product\/ruido-ruido-ruido\/"},"modified":"2023-07-19T19:31:08","modified_gmt":"2023-07-19T19:31:08","slug":"ruido-ruido-ruido","status":"publish","type":"product","link":"https:\/\/sommerlearning.com\/store\/product\/ruido-ruido-ruido\/","title":{"rendered":"\u00a1Ruido! \u00a1Ruido! \u00a1Ruido!"},"content":{"rendered":"","protected":false},"excerpt":{"rendered":"<p>Dos ratones persistentes, Marcus y Marcella, siguen quej\u00e1ndose del ruido y el trabajo duro en el bosque. Despu\u00e9s de mudarse a la granja, sus sue\u00f1os se hacen realidad. La cruda realidad se establece r\u00e1pidamente y descubren que el bosque es un lugar maravilloso para vivir.<\/p>\n","protected":false},"featured_media":3710,"comment_status":"open","ping_status":"closed","template":"","meta":{"_acf_changed":false},"product_cat":[413,412],"product_tag":[],"acf":[],"_links":{"self":[{"href":"https:\/\/sommerlearning.com\/store\/wp-json\/wp\/v2\/product\/3709"}],"collection":[{"href":"https:\/\/sommerlearning.com\/store\/wp-json\/wp\/v2\/product"}],"about":[{"href":"https:\/\/sommerlearning.com\/store\/wp-json\/wp\/v2\/types\/product"}],"replies":[{"embeddable":true,"href":"https:\/\/sommerlearning.com\/store\/wp-json\/wp\/v2\/comments?post=3709"}],"wp:featuredmedia":[{"embeddable":true,"href":"https:\/\/sommerlearning.com\/store\/wp-json\/wp\/v2\/media\/3710"}],"wp:attachment":[{"href":"https:\/\/sommerlearning.com\/store\/wp-json\/wp\/v2\/media?parent=3709"}],"wp:term":[{"taxonomy":"product_cat","embeddable":true,"href":"https:\/\/sommerlearning.com\/store\/wp-json\/wp\/v2\/product_cat?post=3709"},{"taxonomy":"product_tag","embeddable":true,"href":"https:\/\/sommerlearning.com\/store\/wp-json\/wp\/v2\/product_tag?post=3709"}],"curies":[{"name":"wp","href":"https:\/\/api.w.org\/{rel}","templated":true}]}}