{"id":3675,"date":"2022-04-05T09:11:05","date_gmt":"2022-04-05T09:11:05","guid":{"rendered":"https:\/\/sommerlearning.com\/store\/product\/tu-trabajo-es-facil-3\/"},"modified":"2023-07-19T19:37:07","modified_gmt":"2023-07-19T19:37:07","slug":"tu-trabajo-es-facil-3","status":"publish","type":"product","link":"https:\/\/sommerlearning.com\/store\/product\/tu-trabajo-es-facil-3\/","title":{"rendered":"Tu trabajo es f\u00e1cil"},"content":{"rendered":"","protected":false},"excerpt":{"rendered":"<p>Cuando Jane se queja con Sam sobre las filas torcidas que hab\u00eda arado, deciden cambiar de trabajo por un d\u00eda. Pero muchas experiencias inesperadas los esperan mientras hacen el trabajo &#8220;f\u00e1cil&#8221; de los dem\u00e1s. Terminan ri\u00e9ndose de sus conceptos err\u00f3neos y aprenden a apreciarse el uno al otro.<\/p>\n","protected":false},"featured_media":3676,"comment_status":"open","ping_status":"closed","template":"","meta":{"_acf_changed":false},"product_cat":[413,412],"product_tag":[],"acf":[],"_links":{"self":[{"href":"https:\/\/sommerlearning.com\/store\/wp-json\/wp\/v2\/product\/3675"}],"collection":[{"href":"https:\/\/sommerlearning.com\/store\/wp-json\/wp\/v2\/product"}],"about":[{"href":"https:\/\/sommerlearning.com\/store\/wp-json\/wp\/v2\/types\/product"}],"replies":[{"embeddable":true,"href":"https:\/\/sommerlearning.com\/store\/wp-json\/wp\/v2\/comments?post=3675"}],"wp:featuredmedia":[{"embeddable":true,"href":"https:\/\/sommerlearning.com\/store\/wp-json\/wp\/v2\/media\/3676"}],"wp:attachment":[{"href":"https:\/\/sommerlearning.com\/store\/wp-json\/wp\/v2\/media?parent=3675"}],"wp:term":[{"taxonomy":"product_cat","embeddable":true,"href":"https:\/\/sommerlearning.com\/store\/wp-json\/wp\/v2\/product_cat?post=3675"},{"taxonomy":"product_tag","embeddable":true,"href":"https:\/\/sommerlearning.com\/store\/wp-json\/wp\/v2\/product_tag?post=3675"}],"curies":[{"name":"wp","href":"https:\/\/api.w.org\/{rel}","templated":true}]}}