{"id":3633,"date":"2022-04-05T03:58:21","date_gmt":"2022-04-05T03:58:21","guid":{"rendered":"https:\/\/sommerlearning.com\/store\/product\/pua-el-rebelde\/"},"modified":"2023-07-19T19:34:22","modified_gmt":"2023-07-19T19:34:22","slug":"pua-el-rebelde","status":"publish","type":"product","link":"https:\/\/sommerlearning.com\/store\/product\/pua-el-rebelde\/","title":{"rendered":"\u00a1P\u00faa, el rebelde!"},"content":{"rendered":"","protected":false},"excerpt":{"rendered":"<p>P\u00faa el Rebelde es un mat\u00f3n mezquino en su vecindario y escuela. Donde quiera que vaya, causa problemas. Despu\u00e9s de que Spike golpea una de sus trampas para bicicletas, su vida se transforma radicalmente y descubre que es mucho m\u00e1s feliz de tener amigos y ayudar a otros.<\/p>\n","protected":false},"featured_media":3634,"comment_status":"open","ping_status":"closed","template":"","meta":{"_acf_changed":false},"product_cat":[413,412],"product_tag":[],"acf":[],"_links":{"self":[{"href":"https:\/\/sommerlearning.com\/store\/wp-json\/wp\/v2\/product\/3633"}],"collection":[{"href":"https:\/\/sommerlearning.com\/store\/wp-json\/wp\/v2\/product"}],"about":[{"href":"https:\/\/sommerlearning.com\/store\/wp-json\/wp\/v2\/types\/product"}],"replies":[{"embeddable":true,"href":"https:\/\/sommerlearning.com\/store\/wp-json\/wp\/v2\/comments?post=3633"}],"wp:featuredmedia":[{"embeddable":true,"href":"https:\/\/sommerlearning.com\/store\/wp-json\/wp\/v2\/media\/3634"}],"wp:attachment":[{"href":"https:\/\/sommerlearning.com\/store\/wp-json\/wp\/v2\/media?parent=3633"}],"wp:term":[{"taxonomy":"product_cat","embeddable":true,"href":"https:\/\/sommerlearning.com\/store\/wp-json\/wp\/v2\/product_cat?post=3633"},{"taxonomy":"product_tag","embeddable":true,"href":"https:\/\/sommerlearning.com\/store\/wp-json\/wp\/v2\/product_tag?post=3633"}],"curies":[{"name":"wp","href":"https:\/\/api.w.org\/{rel}","templated":true}]}}