{"id":3599,"date":"2022-04-05T03:52:07","date_gmt":"2022-04-05T03:52:07","guid":{"rendered":"https:\/\/sommerlearning.com\/store\/product\/el-zorro-astuto-y-los-pollitos\/"},"modified":"2023-07-19T19:34:43","modified_gmt":"2023-07-19T19:34:43","slug":"el-zorro-astuto-y-los-pollitos","status":"publish","type":"product","link":"https:\/\/sommerlearning.com\/store\/product\/el-zorro-astuto-y-los-pollitos\/","title":{"rendered":"El zorro astuto y los pollitos"},"content":{"rendered":"","protected":false},"excerpt":{"rendered":"<p>Mam\u00e1 y pap\u00e1 siempre han advertido a sus polluelos que deben evitar a los extra\u00f1os. Pero el astuto zorro se disfraza de corderito y logra enga\u00f1ar a todos los polluelos menos a uno. Wendy escapa y finalmente descubre por qu\u00e9 los polluelos deben escuchar a sus padres y nunca hablar con extra\u00f1os.<\/p>\n","protected":false},"featured_media":3600,"comment_status":"open","ping_status":"closed","template":"","meta":{"_acf_changed":false},"product_cat":[413,412],"product_tag":[],"acf":[],"_links":{"self":[{"href":"https:\/\/sommerlearning.com\/store\/wp-json\/wp\/v2\/product\/3599"}],"collection":[{"href":"https:\/\/sommerlearning.com\/store\/wp-json\/wp\/v2\/product"}],"about":[{"href":"https:\/\/sommerlearning.com\/store\/wp-json\/wp\/v2\/types\/product"}],"replies":[{"embeddable":true,"href":"https:\/\/sommerlearning.com\/store\/wp-json\/wp\/v2\/comments?post=3599"}],"wp:featuredmedia":[{"embeddable":true,"href":"https:\/\/sommerlearning.com\/store\/wp-json\/wp\/v2\/media\/3600"}],"wp:attachment":[{"href":"https:\/\/sommerlearning.com\/store\/wp-json\/wp\/v2\/media?parent=3599"}],"wp:term":[{"taxonomy":"product_cat","embeddable":true,"href":"https:\/\/sommerlearning.com\/store\/wp-json\/wp\/v2\/product_cat?post=3599"},{"taxonomy":"product_tag","embeddable":true,"href":"https:\/\/sommerlearning.com\/store\/wp-json\/wp\/v2\/product_tag?post=3599"}],"curies":[{"name":"wp","href":"https:\/\/api.w.org\/{rel}","templated":true}]}}