{"id":3597,"date":"2022-04-05T03:51:52","date_gmt":"2022-04-05T03:51:52","guid":{"rendered":"https:\/\/sommerlearning.com\/store\/product\/atrevete-a-sonar\/"},"modified":"2022-05-31T10:05:51","modified_gmt":"2022-05-31T10:05:51","slug":"atrevete-a-sonar","status":"publish","type":"product","link":"https:\/\/sommerlearning.com\/store\/product\/atrevete-a-sonar\/","title":{"rendered":"\u00a1Atr\u00e9vete a so\u00f1ar!"},"content":{"rendered":"","protected":false},"excerpt":{"rendered":"<p>Tres ni\u00f1os crecen en el mismo vecindario infestado de drogas, gobernado por pandillas y empobrecido. Nelson se convierte en un m\u00e9dico exitoso, su mejor amigo Jesse, en un galardonado ingeniero civil, pero el hermano de Nelson, Alvin, termina en la c\u00e1rcel.<\/p>\n","protected":false},"featured_media":3598,"comment_status":"open","ping_status":"closed","template":"","meta":{"_acf_changed":false},"product_cat":[413,412],"product_tag":[],"acf":[],"_links":{"self":[{"href":"https:\/\/sommerlearning.com\/store\/wp-json\/wp\/v2\/product\/3597"}],"collection":[{"href":"https:\/\/sommerlearning.com\/store\/wp-json\/wp\/v2\/product"}],"about":[{"href":"https:\/\/sommerlearning.com\/store\/wp-json\/wp\/v2\/types\/product"}],"replies":[{"embeddable":true,"href":"https:\/\/sommerlearning.com\/store\/wp-json\/wp\/v2\/comments?post=3597"}],"wp:featuredmedia":[{"embeddable":true,"href":"https:\/\/sommerlearning.com\/store\/wp-json\/wp\/v2\/media\/3598"}],"wp:attachment":[{"href":"https:\/\/sommerlearning.com\/store\/wp-json\/wp\/v2\/media?parent=3597"}],"wp:term":[{"taxonomy":"product_cat","embeddable":true,"href":"https:\/\/sommerlearning.com\/store\/wp-json\/wp\/v2\/product_cat?post=3597"},{"taxonomy":"product_tag","embeddable":true,"href":"https:\/\/sommerlearning.com\/store\/wp-json\/wp\/v2\/product_tag?post=3597"}],"curies":[{"name":"wp","href":"https:\/\/api.w.org\/{rel}","templated":true}]}}