{"id":3565,"date":"2022-04-04T12:48:46","date_gmt":"2022-04-04T12:48:46","guid":{"rendered":"https:\/\/sommerlearning.com\/store\/product\/el-rey-del-estanque\/"},"modified":"2023-07-19T19:27:35","modified_gmt":"2023-07-19T19:27:35","slug":"el-rey-del-estanque","status":"publish","type":"product","link":"https:\/\/sommerlearning.com\/store\/product\/el-rey-del-estanque\/","title":{"rendered":"El Rey del estanque"},"content":{"rendered":"","protected":false},"excerpt":{"rendered":"<p>Tombo, el renacuajo, se declara Rey del Estanque. Se jacta de ser el renacuajo m\u00e1s grande, el m\u00e1s r\u00e1pido y el m\u00e1s fuerte, y molesta y persigue a todos los otros renacuajos. Tombo finalmente descubre que tener amigos es mejor que ser el Rey del Estanque.<\/p>\n","protected":false},"featured_media":3566,"comment_status":"open","ping_status":"closed","template":"","meta":{"_acf_changed":false},"product_cat":[413,412],"product_tag":[],"acf":[],"_links":{"self":[{"href":"https:\/\/sommerlearning.com\/store\/wp-json\/wp\/v2\/product\/3565"}],"collection":[{"href":"https:\/\/sommerlearning.com\/store\/wp-json\/wp\/v2\/product"}],"about":[{"href":"https:\/\/sommerlearning.com\/store\/wp-json\/wp\/v2\/types\/product"}],"replies":[{"embeddable":true,"href":"https:\/\/sommerlearning.com\/store\/wp-json\/wp\/v2\/comments?post=3565"}],"wp:featuredmedia":[{"embeddable":true,"href":"https:\/\/sommerlearning.com\/store\/wp-json\/wp\/v2\/media\/3566"}],"wp:attachment":[{"href":"https:\/\/sommerlearning.com\/store\/wp-json\/wp\/v2\/media?parent=3565"}],"wp:term":[{"taxonomy":"product_cat","embeddable":true,"href":"https:\/\/sommerlearning.com\/store\/wp-json\/wp\/v2\/product_cat?post=3565"},{"taxonomy":"product_tag","embeddable":true,"href":"https:\/\/sommerlearning.com\/store\/wp-json\/wp\/v2\/product_tag?post=3565"}],"curies":[{"name":"wp","href":"https:\/\/api.w.org\/{rel}","templated":true}]}}