{"id":3479,"date":"2022-04-04T12:08:13","date_gmt":"2022-04-04T12:08:13","guid":{"rendered":"https:\/\/sommerlearning.com\/store\/product\/yo-soy-un-leon\/"},"modified":"2024-04-23T10:14:40","modified_gmt":"2024-04-23T10:14:40","slug":"yo-soy-un-leon","status":"publish","type":"product","link":"https:\/\/sommerlearning.com\/store\/product\/yo-soy-un-leon\/","title":{"rendered":"\u00a1Yo soy un le\u00f3n!"},"content":{"rendered":"","protected":false},"excerpt":{"rendered":"<p>Para crecer y ser grandes, los leones peque\u00f1os tienen que aprender habilidades de supervivencia, pero Sangu no quiere escuchar. Despu\u00e9s de perderse, algunas gacelas se hacen amigas de \u00e9l y le ense\u00f1an su forma de vida. Despu\u00e9s de muchas decepciones, Sangu finalmente aprende a aceptarse a s\u00ed mismo.<\/p>\n","protected":false},"featured_media":3480,"comment_status":"open","ping_status":"closed","template":"","meta":{"_acf_changed":false},"product_cat":[413,412],"product_tag":[],"acf":[],"_links":{"self":[{"href":"https:\/\/sommerlearning.com\/store\/wp-json\/wp\/v2\/product\/3479"}],"collection":[{"href":"https:\/\/sommerlearning.com\/store\/wp-json\/wp\/v2\/product"}],"about":[{"href":"https:\/\/sommerlearning.com\/store\/wp-json\/wp\/v2\/types\/product"}],"replies":[{"embeddable":true,"href":"https:\/\/sommerlearning.com\/store\/wp-json\/wp\/v2\/comments?post=3479"}],"wp:featuredmedia":[{"embeddable":true,"href":"https:\/\/sommerlearning.com\/store\/wp-json\/wp\/v2\/media\/3480"}],"wp:attachment":[{"href":"https:\/\/sommerlearning.com\/store\/wp-json\/wp\/v2\/media?parent=3479"}],"wp:term":[{"taxonomy":"product_cat","embeddable":true,"href":"https:\/\/sommerlearning.com\/store\/wp-json\/wp\/v2\/product_cat?post=3479"},{"taxonomy":"product_tag","embeddable":true,"href":"https:\/\/sommerlearning.com\/store\/wp-json\/wp\/v2\/product_tag?post=3479"}],"curies":[{"name":"wp","href":"https:\/\/api.w.org\/{rel}","templated":true}]}}